{"id":796,"date":"2020-05-19T11:35:38","date_gmt":"2020-05-19T09:35:38","guid":{"rendered":"https:\/\/randonneurs.be\/?page_id=796"},"modified":"2026-03-26T08:01:31","modified_gmt":"2026-03-26T07:01:31","slug":"randonneur-5000-10000","status":"publish","type":"page","link":"https:\/\/randonneurs.be\/fr\/randonneur-5000-10000\/","title":{"rendered":"Randonneur 5000 \/ 10000"},"content":{"rendered":"\n<h2 class=\"wp-block-heading\">Randonneur 5000<\/h2>\n\n\n\n<blockquote class=\"wp-block-quote is-layout-flow wp-block-quote-is-layout-flow\">\n<p>Le brevet RANDONNEUR 5000 existera bient\u00f4t 60 ans. En 1961 l&rsquo; AUDAX CLUB PARISIEN a con\u00e7u une distinction r\u00e9compensant les randonneurs ayant parcouru 5000 kilom\u00e8tres brevet\u00e9s.<\/p>\n<\/blockquote>\n\n\n\n<p>La distinction consiste en une m\u00e9daille offerte gratuitement et un dipl\u00f4me num\u00e9rot\u00e9 par ordre d&rsquo;attribution.<\/p>\n\n\n\n<p><strong>CONDITIONS:<\/strong><\/p>\n\n\n\n<p>Dans un d\u00e9lai de quatre ans, jour pour jour, entre le premier et le dernier \u00e9v\u00e9nement, le candidat au Randonneur 5000 doit avoir obtenu les homologations suivantes:<\/p>\n\n\n\n<ul class=\"wp-block-list\">\n<li>une s\u00e9rie de BRM: 200, 300, 400, 600, 1000 km<\/li>\n\n\n\n<li>un PARIS-BREST-PARIS Randonneur: 1200km<\/li>\n\n\n\n<li>une FLECHE (minimum 3 personnes \u00e0 l&rsquo;arriv\u00e9e &#8211; 360 km minimum en 24 heures).<\/li>\n<\/ul>\n\n\n\n<p>Le solde des kilom\u00e8tres jusqu&rsquo;\u00e0 un total d&rsquo;au moins 5000 kilom\u00e8tres peut \u00eatre compl\u00e9t\u00e9 par:<\/p>\n\n\n\n<ul class=\"wp-block-list\">\n<li>des BRM<\/li>\n\n\n\n<li>des Randonneurs Mondiaux (RM) de 1200 km ou plus<\/li>\n<\/ul>\n\n\n\n<p>Une RM de 1200+ km ne peut en aucun cas remplacer le BRM de 1000 km.<\/p>\n\n\n\n<p>Les candidatures belges \u00e0 cette reconnaissance sont envoy\u00e9es group\u00e9es \u00e0 l&rsquo;ACP \u00e0 Paris avant le 31 octobre de chaque ann\u00e9e.<\/p>\n\n\n\n<p><a href=\"https:\/\/www.audax-club-parisien.com\/organisation\/randonneur-5000\/\">Lien vers r\u00e8glement ACP<\/a><\/p>\n\n\n\n<h2 class=\"wp-block-heading\">Randonneur 10000<\/h2>\n\n\n\n<blockquote class=\"wp-block-quote is-layout-flow wp-block-quote-is-layout-flow\">\n<p>Environ cinquante ans apr\u00e8s le RANDONNEUR 5000 l&rsquo; AUDAX CLUB PARISIEN a cr\u00e9\u00e9 une distinction r\u00e9compensant les randonneurs ayant parcouru 10.000 kilom\u00e8tres brevet\u00e9s.<\/p>\n<\/blockquote>\n\n\n\n<p>Cette distinction s&rsquo;appele \u00ab\u00a0RANDONNEUR 10000\u00a0\u00bb.<\/p>\n\n\n\n<p>Ici aussi la distinction consiste en une m\u00e9daille offerte gratuitement et un dipl\u00f4me num\u00e9rot\u00e9 par ordre d&rsquo;attribution.<\/p>\n\n\n\n<p><strong>CONDITIONS:<\/strong><\/p>\n\n\n\n<p>Dans un d\u00e9lai de 6 ans, jour pour jour, entre le d\u00e9but de la premi\u00e8re \u00e9preuve&nbsp; et la fin de la derni\u00e8rer \u00e9preuve, le candidat au \u00ab\u00a0Randonneur 10000&Prime;doit avoir effectu\u00e9:<\/p>\n\n\n\n<ul class=\"wp-block-list\">\n<li>2 s\u00e9ries de BRM de 200, 300, 400, 600, 1000 km<\/li>\n\n\n\n<li>un PARIS-BREST-PARIS Randonneur: 1200 km<\/li>\n\n\n\n<li>un RM 1200+ brevet (Randonneurs Mondiaux)<\/li>\n\n\n\n<li>une Fl\u00e8che (minimum 3 personnes \u00e0 l&rsquo;arriv\u00e9e &#8211; 360 km minimum en 24 heures).<\/li>\n\n\n\n<li><s>une Super Randonn\u00e9e (formule Randonneur) \u2013 600 km avec un d\u00e9nivel\u00e9 positif de 10000 m minimum<\/s> (jusqu&rsquo;au 31\/10\/2022)<\/li>\n\n\n\n<li>un Brevet de 600km avec un minimum de 8000m de d\u00e9nivel\u00e9 (\u00e0 partir du 1\/11\/2022 &#8211; ceci remplace la Super Randonn\u00e9e)<\/li>\n<\/ul>\n\n\n\n<p>Aucun brevet ne peut \u00eatre substitu\u00e9 \u00e0 un autre.<\/p>\n\n\n\n<p>Les randonn\u00e9es d\u00e9clar\u00e9es pour le Randonneur 5000 peuvent \u00eatre utilis\u00e9es pour l&rsquo;obtention du Randonneur 10000.<\/p>\n\n\n\n<p>Le solde kilom\u00e9trique pour totaliser au moins 10000 kilom\u00e8tres doit \u00eatre obtenu sur les \u00e9preuves suivantes:<\/p>\n\n\n\n<ul class=\"wp-block-list\">\n<li>BRM<\/li>\n\n\n\n<li>RM 1200+ km (Randonneurs Mondiaux)<\/li>\n<\/ul>\n\n\n\n<p>Une RM de 1200+ km ne peut en aucun cas remplacer le BRM de 1000 km.<\/p>\n\n\n\n<p>Les candidatures belges \u00e0 cette reconnaissance sont envoy\u00e9es group\u00e9es \u00e0 l&rsquo;ACP \u00e0 Paris avant le 31 octobre de chaque ann\u00e9e.<\/p>\n\n\n\n<p><a href=\"http:\/\/audax-club-parisien.com\/organisation\/randonneur-10000\/\" data-type=\"URL\" data-id=\"audax-club-parisien.com\/organisation\/randonneur-10000\/\">Lien vers r\u00e8glement ACP<\/a><\/p>\n","protected":false},"excerpt":{"rendered":"<p>Randonneur 5000 Le brevet RANDONNEUR 5000 existera bient\u00f4t 60 ans. En 1961 l&rsquo; AUDAX CLUB PARISIEN a con\u00e7u une distinction r\u00e9compensant les randonneurs ayant parcouru 5000 kilom\u00e8tres brevet\u00e9s. La distinction&hellip;&nbsp;<a href=\"https:\/\/randonneurs.be\/fr\/randonneur-5000-10000\/\" rel=\"bookmark\">Lire la suite &raquo;<span class=\"screen-reader-text\">Randonneur 5000 \/ 10000<\/span><\/a><\/p>\n","protected":false},"author":1,"featured_media":0,"parent":0,"menu_order":0,"comment_status":"closed","ping_status":"closed","template":"","meta":{"neve_meta_sidebar":"","neve_meta_container":"","neve_meta_enable_content_width":"off","neve_meta_content_width":100,"neve_meta_title_alignment":"","neve_meta_author_avatar":"","neve_post_elements_order":"","neve_meta_disable_header":"","neve_meta_disable_footer":"","neve_meta_disable_title":"","footnotes":""},"class_list":["post-796","page","type-page","status-publish","hentry"],"_links":{"self":[{"href":"https:\/\/randonneurs.be\/fr\/wp-json\/wp\/v2\/pages\/796","targetHints":{"allow":["GET"]}}],"collection":[{"href":"https:\/\/randonneurs.be\/fr\/wp-json\/wp\/v2\/pages"}],"about":[{"href":"https:\/\/randonneurs.be\/fr\/wp-json\/wp\/v2\/types\/page"}],"author":[{"embeddable":true,"href":"https:\/\/randonneurs.be\/fr\/wp-json\/wp\/v2\/users\/1"}],"replies":[{"embeddable":true,"href":"https:\/\/randonneurs.be\/fr\/wp-json\/wp\/v2\/comments?post=796"}],"version-history":[{"count":1,"href":"https:\/\/randonneurs.be\/fr\/wp-json\/wp\/v2\/pages\/796\/revisions"}],"predecessor-version":[{"id":25061,"href":"https:\/\/randonneurs.be\/fr\/wp-json\/wp\/v2\/pages\/796\/revisions\/25061"}],"wp:attachment":[{"href":"https:\/\/randonneurs.be\/fr\/wp-json\/wp\/v2\/media?parent=796"}],"curies":[{"name":"wp","href":"https:\/\/api.w.org\/{rel}","templated":true}]}}